{"id":2699,"date":"2022-12-01T19:35:43","date_gmt":"2022-12-01T17:35:43","guid":{"rendered":"https:\/\/www.kreidochky.com\/?post_type=product&#038;p=2699"},"modified":"2022-12-01T19:35:44","modified_gmt":"2022-12-01T17:35:44","slug":"mnozhennya_gra","status":"publish","type":"product","link":"https:\/\/www.kreidochky.com\/pl\/product\/mnozhennya_gra\/","title":{"rendered":"\u041c\u043d\u043e\u0436\u0435\u043d\u043d\u044f. \u0413\u0440\u0430 &#8220;\u0420\u043e\u0437\u0431\u043b\u043e\u043a\u0443\u0439 \u0440\u0456\u0432\u0435\u043d\u044c!&#8221; PDF"},"content":{"rendered":"<p>\u0420\u043e\u0437\u0434\u0440\u0443\u043a\u0456\u0432\u043a\u0430 \u0434\u043b\u044f \u043f\u043e\u0432\u0442\u043e\u0440\u0435\u043d\u043d\u044f \u0442\u0430\u0431\u043b\u0438\u0446\u0456 \u043c\u043d\u043e\u0436\u0435\u043d\u043d\u044f \u0432\u0456\u0434 1 \u0434\u043e 9.<\/p>\n<p>4 \u0441\u0442\u043e\u0440\u0456\u043d\u043a\u0438 \u0432 \u0444\u043e\u0440\u043c\u0430\u0442\u0456 PDF.<\/p>\n<p>&nbsp;<\/p>\n","protected":false},"excerpt":{"rendered":"<p>\u0420\u043e\u0437\u0434\u0440\u0443\u043a\u0456\u0432\u043a\u0430 \u0434\u043b\u044f \u043f\u043e\u0432\u0442\u043e\u0440\u0435\u043d\u043d\u044f \u0442\u0430\u0431\u043b\u0438\u0446\u0456 \u043c\u043d\u043e\u0436\u0435\u043d\u043d\u044f \u0432\u0456\u0434 1 \u0434\u043e 9. 4 \u0441\u0442\u043e\u0440\u0456\u043d\u043a\u0438 \u0432 \u0444\u043e\u0440\u043c\u0430\u0442\u0456 PDF. &nbsp;<\/p>\n","protected":false},"featured_media":2700,"template":"","meta":{"_uag_custom_page_level_css":"","site-sidebar-layout":"default","site-content-layout":"default","ast-global-header-display":"","ast-banner-title-visibility":"","ast-main-header-display":"","ast-hfb-above-header-display":"","ast-hfb-below-header-display":"","ast-hfb-mobile-header-display":"","site-post-title":"","ast-breadcrumbs-content":"","ast-featured-img":"","footer-sml-layout":"","theme-transparent-header-meta":"","adv-header-id-meta":"","stick-header-meta":"","header-above-stick-meta":"","header-main-stick-meta":"","header-below-stick-meta":""},"product_cat":[216],"product_tag":[],"class_list":["post-2699","product","type-product","status-publish","has-post-thumbnail","hentry","product_cat-ukrainskoyu-movoyu","desktop-align-left","tablet-align-left","mobile-align-left"],"translation":{"provider":"WPGlobus","version":"2.10.5","language":"pl","enabled_languages":["uk","en","pl"],"languages":{"uk":{"title":true,"content":true,"excerpt":false},"en":{"title":false,"content":false,"excerpt":false},"pl":{"title":false,"content":false,"excerpt":false}}},"yoast_head":"<!-- This site is optimized with the Yoast SEO plugin v22.5 - https:\/\/yoast.com\/wordpress\/plugins\/seo\/ -->\n<title>\u041c\u043d\u043e\u0436\u0435\u043d\u043d\u044f. \u0413\u0440\u0430 &quot;\u0420\u043e\u0437\u0431\u043b\u043e\u043a\u0443\u0439 \u0440\u0456\u0432\u0435\u043d\u044c!&quot; PDF - Kreidoczky<\/title>\n<meta name=\"robots\" content=\"index, follow, max-snippet:-1, max-image-preview:large, max-video-preview:-1\" \/>\n<link rel=\"canonical\" href=\"https:\/\/www.kreidochky.com\/product\/mnozhennya_gra\/\" \/>\n<meta property=\"og:locale\" content=\"en_US\" \/>\n<meta property=\"og:type\" content=\"article\" \/>\n<meta property=\"og:title\" content=\"\u041c\u043d\u043e\u0436\u0435\u043d\u043d\u044f. \u0413\u0440\u0430 &quot;\u0420\u043e\u0437\u0431\u043b\u043e\u043a\u0443\u0439 \u0440\u0456\u0432\u0435\u043d\u044c!&quot; PDF - Kreidoczky\" \/>\n<meta property=\"og:url\" content=\"https:\/\/www.kreidochky.com\/product\/mnozhennya_gra\/\" \/>\n<meta property=\"og:site_name\" content=\"Kreidoczky\" \/>\n<meta property=\"article:publisher\" content=\"https:\/\/www.facebook.com\/kreidochky\/\" \/>\n<meta property=\"article:modified_time\" content=\"2022-12-01T17:35:44+00:00\" \/>\n<meta property=\"og:image\" content=\"https:\/\/www.kreidochky.com\/wp-content\/uploads\/2022\/12\/mnozhennya_title.png\" \/>\n\t<meta property=\"og:image:width\" content=\"2245\" \/>\n\t<meta property=\"og:image:height\" content=\"1587\" \/>\n\t<meta property=\"og:image:type\" content=\"image\/png\" \/>\n<meta name=\"twitter:card\" content=\"summary_large_image\" \/>\n<meta name=\"twitter:site\" content=\"@kreidochky\" \/>\n<meta name=\"twitter:label1\" content=\"Est. reading time\" \/>\n\t<meta name=\"twitter:data1\" content=\"1 minute\" \/>\n<script type=\"application\/ld+json\" class=\"yoast-schema-graph\">{\"@context\":\"https:\/\/schema.org\",\"@graph\":[{\"@type\":\"WebPage\",\"@id\":\"https:\/\/www.kreidochky.com\/product\/mnozhennya_gra\/\",\"url\":\"https:\/\/www.kreidochky.com\/product\/mnozhennya_gra\/\",\"name\":\"\u041c\u043d\u043e\u0436\u0435\u043d\u043d\u044f. \u0413\u0440\u0430 \\\"\u0420\u043e\u0437\u0431\u043b\u043e\u043a\u0443\u0439 \u0440\u0456\u0432\u0435\u043d\u044c!\\\" PDF - Kreidoczky\",\"isPartOf\":{\"@id\":\"https:\/\/www.kreidochky.com\/#website\"},\"primaryImageOfPage\":{\"@id\":\"https:\/\/www.kreidochky.com\/product\/mnozhennya_gra\/#primaryimage\"},\"image\":{\"@id\":\"https:\/\/www.kreidochky.com\/product\/mnozhennya_gra\/#primaryimage\"},\"thumbnailUrl\":\"https:\/\/www.kreidochky.com\/wp-content\/uploads\/2022\/12\/mnozhennya_title.png\",\"datePublished\":\"2022-12-01T17:35:43+00:00\",\"dateModified\":\"2022-12-01T17:35:44+00:00\",\"breadcrumb\":{\"@id\":\"https:\/\/www.kreidochky.com\/product\/mnozhennya_gra\/#breadcrumb\"},\"inLanguage\":\"en-US\",\"potentialAction\":[{\"@type\":\"ReadAction\",\"target\":[\"https:\/\/www.kreidochky.com\/product\/mnozhennya_gra\/\"]}]},{\"@type\":\"ImageObject\",\"inLanguage\":\"en-US\",\"@id\":\"https:\/\/www.kreidochky.com\/product\/mnozhennya_gra\/#primaryimage\",\"url\":\"https:\/\/www.kreidochky.com\/wp-content\/uploads\/2022\/12\/mnozhennya_title.png\",\"contentUrl\":\"https:\/\/www.kreidochky.com\/wp-content\/uploads\/2022\/12\/mnozhennya_title.png\",\"width\":2245,\"height\":1587,\"caption\":\"\u0442\u0430\u0431\u043b\u0438\u0446\u044f \u043c\u043d\u043e\u0436\u0435\u043d\u043d\u044f \u0433\u0440\u0430\"},{\"@type\":\"BreadcrumbList\",\"@id\":\"https:\/\/www.kreidochky.com\/product\/mnozhennya_gra\/#breadcrumb\",\"itemListElement\":[{\"@type\":\"ListItem\",\"position\":1,\"name\":\"Main page\",\"item\":\"https:\/\/www.kreidochky.com\/\"},{\"@type\":\"ListItem\",\"position\":2,\"name\":\"\u041a\u0440\u0430\u043c\u043d\u0438\u0446\u044f\",\"item\":\"https:\/\/www.kreidochky.com\/kramnytsa\/\"},{\"@type\":\"ListItem\",\"position\":3,\"name\":\"\u041c\u043d\u043e\u0436\u0435\u043d\u043d\u044f. \u0413\u0440\u0430 &#8220;\u0420\u043e\u0437\u0431\u043b\u043e\u043a\u0443\u0439 \u0440\u0456\u0432\u0435\u043d\u044c!&#8221; PDF\"}]},{\"@type\":\"WebSite\",\"@id\":\"https:\/\/www.kreidochky.com\/#website\",\"url\":\"https:\/\/www.kreidochky.com\/\",\"name\":\"Kreidoczky\",\"description\":\"Pomys\u0142y na \u0142atw\u0105 nauk\u0119!\",\"publisher\":{\"@id\":\"https:\/\/www.kreidochky.com\/#organization\"},\"potentialAction\":[{\"@type\":\"SearchAction\",\"target\":{\"@type\":\"EntryPoint\",\"urlTemplate\":\"https:\/\/www.kreidochky.com\/?s={search_term_string}\"},\"query-input\":\"required name=search_term_string\"}],\"inLanguage\":\"en-US\"},{\"@type\":\"Organization\",\"@id\":\"https:\/\/www.kreidochky.com\/#organization\",\"name\":\"\u041a\u0440\u0435\u0439\u0434\u043e\u0447\u043a\u0438\",\"url\":\"https:\/\/www.kreidochky.com\/\",\"logo\":{\"@type\":\"ImageObject\",\"inLanguage\":\"en-US\",\"@id\":\"https:\/\/www.kreidochky.com\/#\/schema\/logo\/image\/\",\"url\":\"https:\/\/www.kreidochky.com\/wp-content\/uploads\/2020\/10\/\u041a\u0420\u0415\u0419\u0414\u041e\u0427\u041a\u0418.png\",\"contentUrl\":\"https:\/\/www.kreidochky.com\/wp-content\/uploads\/2020\/10\/\u041a\u0420\u0415\u0419\u0414\u041e\u0427\u041a\u0418.png\",\"width\":940,\"height\":788,\"caption\":\"\u041a\u0440\u0435\u0439\u0434\u043e\u0447\u043a\u0438\"},\"image\":{\"@id\":\"https:\/\/www.kreidochky.com\/#\/schema\/logo\/image\/\"},\"sameAs\":[\"https:\/\/www.facebook.com\/kreidochky\/\",\"https:\/\/x.com\/kreidochky\",\"https:\/\/www.instagram.com\/kreidochky\/\",\"https:\/\/www.linkedin.com\/company\/kreidochky\",\"https:\/\/www.youtube.com\/channel\/UCH8EaUhc_1b_3Hrf22SvLoQ\"]}]}<\/script>\n<!-- \/ Yoast SEO plugin. -->","yoast_head_json":{"title":"\u041c\u043d\u043e\u0436\u0435\u043d\u043d\u044f. \u0413\u0440\u0430 \"\u0420\u043e\u0437\u0431\u043b\u043e\u043a\u0443\u0439 \u0440\u0456\u0432\u0435\u043d\u044c!\" PDF - Kreidoczky","robots":{"index":"index","follow":"follow","max-snippet":"max-snippet:-1","max-image-preview":"max-image-preview:large","max-video-preview":"max-video-preview:-1"},"canonical":"https:\/\/www.kreidochky.com\/product\/mnozhennya_gra\/","og_locale":"en_US","og_type":"article","og_title":"\u041c\u043d\u043e\u0436\u0435\u043d\u043d\u044f. \u0413\u0440\u0430 \"\u0420\u043e\u0437\u0431\u043b\u043e\u043a\u0443\u0439 \u0440\u0456\u0432\u0435\u043d\u044c!\" PDF - Kreidoczky","og_url":"https:\/\/www.kreidochky.com\/product\/mnozhennya_gra\/","og_site_name":"Kreidoczky","article_publisher":"https:\/\/www.facebook.com\/kreidochky\/","article_modified_time":"2022-12-01T17:35:44+00:00","og_image":[{"width":2245,"height":1587,"url":"https:\/\/www.kreidochky.com\/wp-content\/uploads\/2022\/12\/mnozhennya_title.png","type":"image\/png"}],"twitter_card":"summary_large_image","twitter_site":"@kreidochky","twitter_misc":{"Est. reading time":"1 minute"},"schema":{"@context":"https:\/\/schema.org","@graph":[{"@type":"WebPage","@id":"https:\/\/www.kreidochky.com\/product\/mnozhennya_gra\/","url":"https:\/\/www.kreidochky.com\/product\/mnozhennya_gra\/","name":"\u041c\u043d\u043e\u0436\u0435\u043d\u043d\u044f. \u0413\u0440\u0430 \"\u0420\u043e\u0437\u0431\u043b\u043e\u043a\u0443\u0439 \u0440\u0456\u0432\u0435\u043d\u044c!\" PDF - Kreidoczky","isPartOf":{"@id":"https:\/\/www.kreidochky.com\/#website"},"primaryImageOfPage":{"@id":"https:\/\/www.kreidochky.com\/product\/mnozhennya_gra\/#primaryimage"},"image":{"@id":"https:\/\/www.kreidochky.com\/product\/mnozhennya_gra\/#primaryimage"},"thumbnailUrl":"https:\/\/www.kreidochky.com\/wp-content\/uploads\/2022\/12\/mnozhennya_title.png","datePublished":"2022-12-01T17:35:43+00:00","dateModified":"2022-12-01T17:35:44+00:00","breadcrumb":{"@id":"https:\/\/www.kreidochky.com\/product\/mnozhennya_gra\/#breadcrumb"},"inLanguage":"en-US","potentialAction":[{"@type":"ReadAction","target":["https:\/\/www.kreidochky.com\/product\/mnozhennya_gra\/"]}]},{"@type":"ImageObject","inLanguage":"en-US","@id":"https:\/\/www.kreidochky.com\/product\/mnozhennya_gra\/#primaryimage","url":"https:\/\/www.kreidochky.com\/wp-content\/uploads\/2022\/12\/mnozhennya_title.png","contentUrl":"https:\/\/www.kreidochky.com\/wp-content\/uploads\/2022\/12\/mnozhennya_title.png","width":2245,"height":1587,"caption":"\u0442\u0430\u0431\u043b\u0438\u0446\u044f \u043c\u043d\u043e\u0436\u0435\u043d\u043d\u044f \u0433\u0440\u0430"},{"@type":"BreadcrumbList","@id":"https:\/\/www.kreidochky.com\/product\/mnozhennya_gra\/#breadcrumb","itemListElement":[{"@type":"ListItem","position":1,"name":"Main page","item":"https:\/\/www.kreidochky.com\/"},{"@type":"ListItem","position":2,"name":"\u041a\u0440\u0430\u043c\u043d\u0438\u0446\u044f","item":"https:\/\/www.kreidochky.com\/kramnytsa\/"},{"@type":"ListItem","position":3,"name":"\u041c\u043d\u043e\u0436\u0435\u043d\u043d\u044f. \u0413\u0440\u0430 &#8220;\u0420\u043e\u0437\u0431\u043b\u043e\u043a\u0443\u0439 \u0440\u0456\u0432\u0435\u043d\u044c!&#8221; PDF"}]},{"@type":"WebSite","@id":"https:\/\/www.kreidochky.com\/#website","url":"https:\/\/www.kreidochky.com\/","name":"Kreidoczky","description":"Pomys\u0142y na \u0142atw\u0105 nauk\u0119!","publisher":{"@id":"https:\/\/www.kreidochky.com\/#organization"},"potentialAction":[{"@type":"SearchAction","target":{"@type":"EntryPoint","urlTemplate":"https:\/\/www.kreidochky.com\/?s={search_term_string}"},"query-input":"required name=search_term_string"}],"inLanguage":"en-US"},{"@type":"Organization","@id":"https:\/\/www.kreidochky.com\/#organization","name":"\u041a\u0440\u0435\u0439\u0434\u043e\u0447\u043a\u0438","url":"https:\/\/www.kreidochky.com\/","logo":{"@type":"ImageObject","inLanguage":"en-US","@id":"https:\/\/www.kreidochky.com\/#\/schema\/logo\/image\/","url":"https:\/\/www.kreidochky.com\/wp-content\/uploads\/2020\/10\/\u041a\u0420\u0415\u0419\u0414\u041e\u0427\u041a\u0418.png","contentUrl":"https:\/\/www.kreidochky.com\/wp-content\/uploads\/2020\/10\/\u041a\u0420\u0415\u0419\u0414\u041e\u0427\u041a\u0418.png","width":940,"height":788,"caption":"\u041a\u0440\u0435\u0439\u0434\u043e\u0447\u043a\u0438"},"image":{"@id":"https:\/\/www.kreidochky.com\/#\/schema\/logo\/image\/"},"sameAs":["https:\/\/www.facebook.com\/kreidochky\/","https:\/\/x.com\/kreidochky","https:\/\/www.instagram.com\/kreidochky\/","https:\/\/www.linkedin.com\/company\/kreidochky","https:\/\/www.youtube.com\/channel\/UCH8EaUhc_1b_3Hrf22SvLoQ"]}]}},"uagb_featured_image_src":{"full":["https:\/\/www.kreidochky.com\/wp-content\/uploads\/2022\/12\/mnozhennya_title.png",2245,1587,false],"thumbnail":["https:\/\/www.kreidochky.com\/wp-content\/uploads\/2022\/12\/mnozhennya_title-150x150.png",150,150,true],"medium":["https:\/\/www.kreidochky.com\/wp-content\/uploads\/2022\/12\/mnozhennya_title-300x212.png",300,212,true],"medium_large":["https:\/\/www.kreidochky.com\/wp-content\/uploads\/2022\/12\/mnozhennya_title-768x543.png",768,543,true],"large":["https:\/\/www.kreidochky.com\/wp-content\/uploads\/2022\/12\/mnozhennya_title-1024x724.png",1024,724,true],"1536x1536":["https:\/\/www.kreidochky.com\/wp-content\/uploads\/2022\/12\/mnozhennya_title-1536x1086.png",1536,1086,true],"2048x2048":["https:\/\/www.kreidochky.com\/wp-content\/uploads\/2022\/12\/mnozhennya_title-2048x1448.png",2048,1448,true],"woocommerce_thumbnail":["https:\/\/www.kreidochky.com\/wp-content\/uploads\/2022\/12\/mnozhennya_title-300x300.png",300,300,true],"woocommerce_single":["https:\/\/www.kreidochky.com\/wp-content\/uploads\/2022\/12\/mnozhennya_title-600x424.png",600,424,true],"woocommerce_gallery_thumbnail":["https:\/\/www.kreidochky.com\/wp-content\/uploads\/2022\/12\/mnozhennya_title-100x100.png",100,100,true]},"uagb_author_info":{"display_name":"Maryna","author_link":"https:\/\/www.kreidochky.com\/pl\/author\/"},"uagb_comment_info":0,"uagb_excerpt":"\u0420\u043e\u0437\u0434\u0440\u0443\u043a\u0456\u0432\u043a\u0430 \u0434\u043b\u044f \u043f\u043e\u0432\u0442\u043e\u0440\u0435\u043d\u043d\u044f \u0442\u0430\u0431\u043b\u0438\u0446\u0456 \u043c\u043d\u043e\u0436\u0435\u043d\u043d\u044f \u0432\u0456\u0434 1 \u0434\u043e 9. 4 \u0441\u0442\u043e\u0440\u0456\u043d\u043a\u0438 \u0432 \u0444\u043e\u0440\u043c\u0430\u0442\u0456 PDF. &nbsp;","_links":{"self":[{"href":"https:\/\/www.kreidochky.com\/pl\/wp-json\/wp\/v2\/product\/2699","targetHints":{"allow":["GET"]}}],"collection":[{"href":"https:\/\/www.kreidochky.com\/pl\/wp-json\/wp\/v2\/product"}],"about":[{"href":"https:\/\/www.kreidochky.com\/pl\/wp-json\/wp\/v2\/types\/product"}],"wp:featuredmedia":[{"embeddable":true,"href":"https:\/\/www.kreidochky.com\/pl\/wp-json\/wp\/v2\/media\/2700"}],"wp:attachment":[{"href":"https:\/\/www.kreidochky.com\/pl\/wp-json\/wp\/v2\/media?parent=2699"}],"wp:term":[{"taxonomy":"product_cat","embeddable":true,"href":"https:\/\/www.kreidochky.com\/pl\/wp-json\/wp\/v2\/product_cat?post=2699"},{"taxonomy":"product_tag","embeddable":true,"href":"https:\/\/www.kreidochky.com\/pl\/wp-json\/wp\/v2\/product_tag?post=2699"}],"curies":[{"name":"wp","href":"https:\/\/api.w.org\/{rel}","templated":true}]}}