{"id":27,"date":"2015-12-17T21:17:28","date_gmt":"2015-12-17T21:17:28","guid":{"rendered":"http:\/\/www.kreidochky.com\/?page_id=27"},"modified":"2023-05-13T15:40:28","modified_gmt":"2023-05-13T12:40:28","slug":"sayt-batkiv-ta-vchyteliv","status":"publish","type":"page","link":"https:\/\/www.kreidochky.com\/pl\/sayt-batkiv-ta-vchyteliv\/","title":{"rendered":""},"content":{"rendered":"\n<h2 class=\"wp-block-heading\">Strona dla rodzic\u00f3w i nauczycieli &#8220;\u041a\u0440\u0435\u0439\u0434\u043e\u0447\u043a\u0438&#8221; (&#8220;Kreidoczky&#8221;)<\/h2>\n\n\n\n<figure class=\"wp-block-image size-full\"><img loading=\"lazy\" decoding=\"async\" width=\"820\" height=\"312\" src=\"https:\/\/www.kreidochky.com\/wp-content\/uploads\/2022\/10\/kredki.png\" alt=\"\" class=\"wp-image-2526\" srcset=\"https:\/\/www.kreidochky.com\/wp-content\/uploads\/2022\/10\/kredki.png 820w, https:\/\/www.kreidochky.com\/wp-content\/uploads\/2022\/10\/kredki-300x114.png 300w, https:\/\/www.kreidochky.com\/wp-content\/uploads\/2022\/10\/kredki-768x292.png 768w, https:\/\/www.kreidochky.com\/wp-content\/uploads\/2022\/10\/kredki-600x228.png 600w\" sizes=\"auto, (max-width: 820px) 100vw, 820px\" \/><\/figure>\n\n\n\n<p>Nazywam si\u0119 Maryna Bondar. Z wykszta\u0142cenia ekolog. Pracowa\u0142a jako naukowiec, pisa\u0142a artyku\u0142y naukowe i opatentowa\u0142a swoje osi\u0105gni\u0119cia. Zajmowa\u0142a si\u0119 r\u00f3wnie\u017c wolontariatem zwi\u0105zanym z pomoc\u0105 dzieciom.<\/p>\n\n\n\n<p>Potem \u017cycie zmieni\u0142o si\u0119 dramatycznie: przeprowadzi\u0142am si\u0119 do innego kraju i zosta\u0142am mam\u0105, a wkr\u00f3tce potem stworzy\u0142am stron\u0119 internetow\u0105 dla rodzic\u00f3w i nauczycieli \u201eKreidoczky\u201d. Teraz mam tr\u00f3jk\u0119 dzieci, a na stronie pisz\u0119 o tym, jak sp\u0119dzamy czas z naszymi dzie\u0107mi, jak si\u0119 uczymy, z jakich materia\u0142\u00f3w korzystamy.<\/p>\n\n\n\n<p>Mamy nadziej\u0119, \u017ce ta strona pomo\u017ce rodzicom, kt\u00f3rzy chc\u0105 wyj\u015b\u0107 poza granice i da\u0107 swoim dzieciom co\u015b wi\u0119cej i lepszego ni\u017c to, co oferuje nasz system edukacji. Strona przeznaczona jest r\u00f3wnie\u017c dla nauczycieli, kt\u00f3rzy potrzebuj\u0105 kreatywnych pomys\u0142\u00f3w na zaj\u0119cia.<\/p>\n\n\n\n<p><strong>Z pytaniami i sugestiami prosimy o kontakt przez e-mail<\/strong> <a href=\"mailto:kreidochky@gmail.com\">kreidochky@gmail.com<\/a><\/p>\n","protected":false},"excerpt":{"rendered":"<p>Strona dla rodzic\u00f3w i nauczycieli &#8220;\u041a\u0440\u0435\u0439\u0434\u043e\u0447\u043a\u0438&#8221; (&#8220;Kreidoczky&#8221;) Nazywam si\u0119 Maryna Bondar. Z wykszta\u0142cenia ekolog. Pracowa\u0142a jako naukowiec, pisa\u0142a artyku\u0142y naukowe i opatentowa\u0142a swoje osi\u0105gni\u0119cia. Zajmowa\u0142a si\u0119 r\u00f3wnie\u017c wolontariatem zwi\u0105zanym z pomoc\u0105 dzieciom. Potem \u017cycie zmieni\u0142o si\u0119 dramatycznie: przeprowadzi\u0142am si\u0119 do innego kraju i zosta\u0142am mam\u0105, a wkr\u00f3tce potem stworzy\u0142am stron\u0119 internetow\u0105 dla rodzic\u00f3w i nauczycieli &hellip;<\/p>\n<p class=\"read-more\"> <a class=\"\" href=\"https:\/\/www.kreidochky.com\/pl\/sayt-batkiv-ta-vchyteliv\/\">  Read More &raquo;<\/a><\/p>\n","protected":false},"author":1,"featured_media":0,"parent":0,"menu_order":0,"comment_status":"closed","ping_status":"closed","template":"","meta":{"_uag_custom_page_level_css":"","site-sidebar-layout":"right-sidebar","site-content-layout":"content-boxed-container","ast-global-header-display":"","ast-banner-title-visibility":"","ast-main-header-display":"","ast-hfb-above-header-display":"","ast-hfb-below-header-display":"","ast-hfb-mobile-header-display":"","site-post-title":"","ast-breadcrumbs-content":"","ast-featured-img":"","footer-sml-layout":"","theme-transparent-header-meta":"","adv-header-id-meta":"","stick-header-meta":"","header-above-stick-meta":"","header-main-stick-meta":"","header-below-stick-meta":"","footnotes":""},"class_list":["post-27","page","type-page","status-publish","hentry"],"translation":{"provider":"WPGlobus","version":"2.10.5","language":"pl","enabled_languages":["uk","en","pl"],"languages":{"uk":{"title":false,"content":true,"excerpt":false},"en":{"title":false,"content":true,"excerpt":false},"pl":{"title":false,"content":true,"excerpt":false}}},"yoast_head":"<!-- This site is optimized with the Yoast SEO plugin v22.5 - https:\/\/yoast.com\/wordpress\/plugins\/seo\/ -->\n<title>Kreidoczky - \u0421\u0430\u0439\u0442 \u0434\u043b\u044f \u0431\u0430\u0442\u044c\u043a\u0456\u0432 \u0442\u0430 \u0432\u0447\u0438\u0442\u0435\u043b\u0456\u0432<\/title>\n<meta name=\"robots\" content=\"index, follow, max-snippet:-1, max-image-preview:large, max-video-preview:-1\" \/>\n<link rel=\"canonical\" href=\"https:\/\/www.kreidochky.com\/sayt-batkiv-ta-vchyteliv\/\" \/>\n<meta property=\"og:locale\" content=\"en_US\" \/>\n<meta property=\"og:type\" content=\"article\" \/>\n<meta property=\"og:title\" content=\"- Kreidoczky\" \/>\n<meta property=\"og:url\" content=\"https:\/\/www.kreidochky.com\/sayt-batkiv-ta-vchyteliv\/\" \/>\n<meta property=\"og:site_name\" content=\"Kreidoczky\" \/>\n<meta property=\"article:publisher\" content=\"https:\/\/www.facebook.com\/kreidochky\/\" \/>\n<meta property=\"article:modified_time\" content=\"2023-05-13T12:40:28+00:00\" \/>\n<meta property=\"og:image\" content=\"http:\/\/www.kreidochky.com\/wp-content\/uploads\/2020\/09\/title.png\" \/>\n<meta name=\"twitter:card\" content=\"summary_large_image\" \/>\n<meta name=\"twitter:site\" content=\"@kreidochky\" \/>\n<meta name=\"twitter:label1\" content=\"Est. reading time\" \/>\n\t<meta name=\"twitter:data1\" content=\"2 minutes\" \/>\n<script type=\"application\/ld+json\" class=\"yoast-schema-graph\">{\"@context\":\"https:\/\/schema.org\",\"@graph\":[{\"@type\":\"WebPage\",\"@id\":\"https:\/\/www.kreidochky.com\/sayt-batkiv-ta-vchyteliv\/\",\"url\":\"https:\/\/www.kreidochky.com\/sayt-batkiv-ta-vchyteliv\/\",\"name\":\"Kreidoczky - \u0421\u0430\u0439\u0442 \u0434\u043b\u044f \u0431\u0430\u0442\u044c\u043a\u0456\u0432 \u0442\u0430 \u0432\u0447\u0438\u0442\u0435\u043b\u0456\u0432\",\"isPartOf\":{\"@id\":\"https:\/\/www.kreidochky.com\/#website\"},\"primaryImageOfPage\":{\"@id\":\"https:\/\/www.kreidochky.com\/sayt-batkiv-ta-vchyteliv\/#primaryimage\"},\"image\":{\"@id\":\"https:\/\/www.kreidochky.com\/sayt-batkiv-ta-vchyteliv\/#primaryimage\"},\"thumbnailUrl\":\"http:\/\/www.kreidochky.com\/wp-content\/uploads\/2020\/09\/title.png\",\"datePublished\":\"2015-12-17T21:17:28+00:00\",\"dateModified\":\"2023-05-13T12:40:28+00:00\",\"description\":\"\u0421\u0430\u0439\u0442 \u0434\u043b\u044f \u0431\u0430\u0442\u044c\u043a\u0456\u0432 \u0442\u0430 \u0432\u0447\u0438\u0442\u0435\u043b\u0456\u0432. \u0406\u0434\u0435\u0457 \u0434\u043b\u044f \u043b\u0435\u0433\u043a\u043e\u0433\u043e \u043d\u0430\u0432\u0447\u0430\u043d\u043d\u044f! \u0417\u0430\u043d\u044f\u0442\u0442\u044f \u0437 \u0434\u0456\u0442\u044c\u043c\u0438 \u0442\u0430 \u043e\u0433\u043b\u044f\u0434 \u043d\u0430\u0432\u0447\u0430\u043b\u044c\u043d\u0438\u0445 \u043c\u0430\u0442\u0435\u0440\u0456\u0430\u043b\u0456\u0432. \u0414\u043e\u043c\u0430\u0448\u043d\u0454 \u043d\u0430\u0432\u0447\u0430\u043d\u043d\u044f, \u043d\u0430\u0443\u043a\u0430 \u0434\u043b\u044f \u0434\u0456\u0442\u0435\u0439\",\"inLanguage\":\"en-US\",\"potentialAction\":[{\"@type\":\"ReadAction\",\"target\":[\"https:\/\/www.kreidochky.com\/sayt-batkiv-ta-vchyteliv\/\"]}]},{\"@type\":\"ImageObject\",\"inLanguage\":\"en-US\",\"@id\":\"https:\/\/www.kreidochky.com\/sayt-batkiv-ta-vchyteliv\/#primaryimage\",\"url\":\"http:\/\/www.kreidochky.com\/wp-content\/uploads\/2020\/09\/title.png\",\"contentUrl\":\"http:\/\/www.kreidochky.com\/wp-content\/uploads\/2020\/09\/title.png\"},{\"@type\":\"WebSite\",\"@id\":\"https:\/\/www.kreidochky.com\/#website\",\"url\":\"https:\/\/www.kreidochky.com\/\",\"name\":\"Kreidoczky\",\"description\":\"Pomys\u0142y na \u0142atw\u0105 nauk\u0119!\",\"publisher\":{\"@id\":\"https:\/\/www.kreidochky.com\/#organization\"},\"potentialAction\":[{\"@type\":\"SearchAction\",\"target\":{\"@type\":\"EntryPoint\",\"urlTemplate\":\"https:\/\/www.kreidochky.com\/?s={search_term_string}\"},\"query-input\":\"required name=search_term_string\"}],\"inLanguage\":\"en-US\"},{\"@type\":\"Organization\",\"@id\":\"https:\/\/www.kreidochky.com\/#organization\",\"name\":\"\u041a\u0440\u0435\u0439\u0434\u043e\u0447\u043a\u0438\",\"url\":\"https:\/\/www.kreidochky.com\/\",\"logo\":{\"@type\":\"ImageObject\",\"inLanguage\":\"en-US\",\"@id\":\"https:\/\/www.kreidochky.com\/#\/schema\/logo\/image\/\",\"url\":\"https:\/\/www.kreidochky.com\/wp-content\/uploads\/2020\/10\/\u041a\u0420\u0415\u0419\u0414\u041e\u0427\u041a\u0418.png\",\"contentUrl\":\"https:\/\/www.kreidochky.com\/wp-content\/uploads\/2020\/10\/\u041a\u0420\u0415\u0419\u0414\u041e\u0427\u041a\u0418.png\",\"width\":940,\"height\":788,\"caption\":\"\u041a\u0440\u0435\u0439\u0434\u043e\u0447\u043a\u0438\"},\"image\":{\"@id\":\"https:\/\/www.kreidochky.com\/#\/schema\/logo\/image\/\"},\"sameAs\":[\"https:\/\/www.facebook.com\/kreidochky\/\",\"https:\/\/x.com\/kreidochky\",\"https:\/\/www.instagram.com\/kreidochky\/\",\"https:\/\/www.linkedin.com\/company\/kreidochky\",\"https:\/\/www.youtube.com\/channel\/UCH8EaUhc_1b_3Hrf22SvLoQ\"]}]}<\/script>\n<!-- \/ Yoast SEO plugin. -->","yoast_head_json":{"title":"Kreidoczky - \u0421\u0430\u0439\u0442 \u0434\u043b\u044f \u0431\u0430\u0442\u044c\u043a\u0456\u0432 \u0442\u0430 \u0432\u0447\u0438\u0442\u0435\u043b\u0456\u0432","robots":{"index":"index","follow":"follow","max-snippet":"max-snippet:-1","max-image-preview":"max-image-preview:large","max-video-preview":"max-video-preview:-1"},"canonical":"https:\/\/www.kreidochky.com\/sayt-batkiv-ta-vchyteliv\/","og_locale":"en_US","og_type":"article","og_title":"- Kreidoczky","og_url":"https:\/\/www.kreidochky.com\/sayt-batkiv-ta-vchyteliv\/","og_site_name":"Kreidoczky","article_publisher":"https:\/\/www.facebook.com\/kreidochky\/","article_modified_time":"2023-05-13T12:40:28+00:00","og_image":[{"url":"http:\/\/www.kreidochky.com\/wp-content\/uploads\/2020\/09\/title.png"}],"twitter_card":"summary_large_image","twitter_site":"@kreidochky","twitter_misc":{"Est. reading time":"2 minutes"},"schema":{"@context":"https:\/\/schema.org","@graph":[{"@type":"WebPage","@id":"https:\/\/www.kreidochky.com\/sayt-batkiv-ta-vchyteliv\/","url":"https:\/\/www.kreidochky.com\/sayt-batkiv-ta-vchyteliv\/","name":"Kreidoczky - \u0421\u0430\u0439\u0442 \u0434\u043b\u044f \u0431\u0430\u0442\u044c\u043a\u0456\u0432 \u0442\u0430 \u0432\u0447\u0438\u0442\u0435\u043b\u0456\u0432","isPartOf":{"@id":"https:\/\/www.kreidochky.com\/#website"},"primaryImageOfPage":{"@id":"https:\/\/www.kreidochky.com\/sayt-batkiv-ta-vchyteliv\/#primaryimage"},"image":{"@id":"https:\/\/www.kreidochky.com\/sayt-batkiv-ta-vchyteliv\/#primaryimage"},"thumbnailUrl":"http:\/\/www.kreidochky.com\/wp-content\/uploads\/2020\/09\/title.png","datePublished":"2015-12-17T21:17:28+00:00","dateModified":"2023-05-13T12:40:28+00:00","description":"\u0421\u0430\u0439\u0442 \u0434\u043b\u044f \u0431\u0430\u0442\u044c\u043a\u0456\u0432 \u0442\u0430 \u0432\u0447\u0438\u0442\u0435\u043b\u0456\u0432. \u0406\u0434\u0435\u0457 \u0434\u043b\u044f \u043b\u0435\u0433\u043a\u043e\u0433\u043e \u043d\u0430\u0432\u0447\u0430\u043d\u043d\u044f! \u0417\u0430\u043d\u044f\u0442\u0442\u044f \u0437 \u0434\u0456\u0442\u044c\u043c\u0438 \u0442\u0430 \u043e\u0433\u043b\u044f\u0434 \u043d\u0430\u0432\u0447\u0430\u043b\u044c\u043d\u0438\u0445 \u043c\u0430\u0442\u0435\u0440\u0456\u0430\u043b\u0456\u0432. \u0414\u043e\u043c\u0430\u0448\u043d\u0454 \u043d\u0430\u0432\u0447\u0430\u043d\u043d\u044f, \u043d\u0430\u0443\u043a\u0430 \u0434\u043b\u044f \u0434\u0456\u0442\u0435\u0439","inLanguage":"en-US","potentialAction":[{"@type":"ReadAction","target":["https:\/\/www.kreidochky.com\/sayt-batkiv-ta-vchyteliv\/"]}]},{"@type":"ImageObject","inLanguage":"en-US","@id":"https:\/\/www.kreidochky.com\/sayt-batkiv-ta-vchyteliv\/#primaryimage","url":"http:\/\/www.kreidochky.com\/wp-content\/uploads\/2020\/09\/title.png","contentUrl":"http:\/\/www.kreidochky.com\/wp-content\/uploads\/2020\/09\/title.png"},{"@type":"WebSite","@id":"https:\/\/www.kreidochky.com\/#website","url":"https:\/\/www.kreidochky.com\/","name":"Kreidoczky","description":"Pomys\u0142y na \u0142atw\u0105 nauk\u0119!","publisher":{"@id":"https:\/\/www.kreidochky.com\/#organization"},"potentialAction":[{"@type":"SearchAction","target":{"@type":"EntryPoint","urlTemplate":"https:\/\/www.kreidochky.com\/?s={search_term_string}"},"query-input":"required name=search_term_string"}],"inLanguage":"en-US"},{"@type":"Organization","@id":"https:\/\/www.kreidochky.com\/#organization","name":"\u041a\u0440\u0435\u0439\u0434\u043e\u0447\u043a\u0438","url":"https:\/\/www.kreidochky.com\/","logo":{"@type":"ImageObject","inLanguage":"en-US","@id":"https:\/\/www.kreidochky.com\/#\/schema\/logo\/image\/","url":"https:\/\/www.kreidochky.com\/wp-content\/uploads\/2020\/10\/\u041a\u0420\u0415\u0419\u0414\u041e\u0427\u041a\u0418.png","contentUrl":"https:\/\/www.kreidochky.com\/wp-content\/uploads\/2020\/10\/\u041a\u0420\u0415\u0419\u0414\u041e\u0427\u041a\u0418.png","width":940,"height":788,"caption":"\u041a\u0440\u0435\u0439\u0434\u043e\u0447\u043a\u0438"},"image":{"@id":"https:\/\/www.kreidochky.com\/#\/schema\/logo\/image\/"},"sameAs":["https:\/\/www.facebook.com\/kreidochky\/","https:\/\/x.com\/kreidochky","https:\/\/www.instagram.com\/kreidochky\/","https:\/\/www.linkedin.com\/company\/kreidochky","https:\/\/www.youtube.com\/channel\/UCH8EaUhc_1b_3Hrf22SvLoQ"]}]}},"uagb_featured_image_src":{"full":false,"thumbnail":false,"medium":false,"medium_large":false,"large":false,"1536x1536":false,"2048x2048":false,"woocommerce_thumbnail":false,"woocommerce_single":false,"woocommerce_gallery_thumbnail":false},"uagb_author_info":{"display_name":"Maryna","author_link":"https:\/\/www.kreidochky.com\/pl\/author\/mama\/"},"uagb_comment_info":0,"uagb_excerpt":"Strona dla rodzic\u00f3w i nauczycieli &#8220;\u041a\u0440\u0435\u0439\u0434\u043e\u0447\u043a\u0438&#8221; (&#8220;Kreidoczky&#8221;) Nazywam si\u0119 Maryna Bondar. Z wykszta\u0142cenia ekolog. Pracowa\u0142a jako naukowiec, pisa\u0142a artyku\u0142y naukowe i opatentowa\u0142a swoje osi\u0105gni\u0119cia. Zajmowa\u0142a si\u0119 r\u00f3wnie\u017c wolontariatem zwi\u0105zanym z pomoc\u0105 dzieciom. Potem \u017cycie zmieni\u0142o si\u0119 dramatycznie: przeprowadzi\u0142am si\u0119 do innego kraju i zosta\u0142am mam\u0105, a wkr\u00f3tce potem stworzy\u0142am stron\u0119 internetow\u0105 dla rodzic\u00f3w i nauczycieli&hellip;","_links":{"self":[{"href":"https:\/\/www.kreidochky.com\/pl\/wp-json\/wp\/v2\/pages\/27","targetHints":{"allow":["GET"]}}],"collection":[{"href":"https:\/\/www.kreidochky.com\/pl\/wp-json\/wp\/v2\/pages"}],"about":[{"href":"https:\/\/www.kreidochky.com\/pl\/wp-json\/wp\/v2\/types\/page"}],"author":[{"embeddable":true,"href":"https:\/\/www.kreidochky.com\/pl\/wp-json\/wp\/v2\/users\/1"}],"replies":[{"embeddable":true,"href":"https:\/\/www.kreidochky.com\/pl\/wp-json\/wp\/v2\/comments?post=27"}],"version-history":[{"count":31,"href":"https:\/\/www.kreidochky.com\/pl\/wp-json\/wp\/v2\/pages\/27\/revisions"}],"predecessor-version":[{"id":2720,"href":"https:\/\/www.kreidochky.com\/pl\/wp-json\/wp\/v2\/pages\/27\/revisions\/2720"}],"wp:attachment":[{"href":"https:\/\/www.kreidochky.com\/pl\/wp-json\/wp\/v2\/media?parent=27"}],"curies":[{"name":"wp","href":"https:\/\/api.w.org\/{rel}","templated":true}]}}