{"id":1984,"date":"2020-10-09T20:24:43","date_gmt":"2020-10-09T16:24:43","guid":{"rendered":"https:\/\/www.kreidochky.com\/?page_id=1984"},"modified":"2021-07-14T19:23:25","modified_gmt":"2021-07-14T16:23:25","slug":"kite-paper-star","status":"publish","type":"page","link":"https:\/\/www.kreidochky.com\/pl\/kite-paper-star\/","title":{"rendered":"How to make kite paper star"},"content":{"rendered":"\n<p>Learn how to make kite paper star with us!<\/p>\n\n\n\n<figure class=\"wp-block-image size-large\"><img loading=\"lazy\" decoding=\"async\" width=\"1024\" height=\"681\" src=\"https:\/\/www.kreidochky.com\/wp-content\/uploads\/2020\/10\/zirka16-1024x681.jpg\" alt=\"kite paper star\" class=\"wp-image-1986\" srcset=\"https:\/\/www.kreidochky.com\/wp-content\/uploads\/2020\/10\/zirka16-1024x681.jpg 1024w, https:\/\/www.kreidochky.com\/wp-content\/uploads\/2020\/10\/zirka16-300x199.jpg 300w, https:\/\/www.kreidochky.com\/wp-content\/uploads\/2020\/10\/zirka16-768x510.jpg 768w, https:\/\/www.kreidochky.com\/wp-content\/uploads\/2020\/10\/zirka16-600x399.jpg 600w, https:\/\/www.kreidochky.com\/wp-content\/uploads\/2020\/10\/zirka16.jpg 1354w\" sizes=\"auto, (max-width: 1024px) 100vw, 1024px\" \/><\/figure>\n\n\n\n<p>We use Mercurius kite paper. Each pack includes 100 square sheets with 10 different colors. Sheet size is 16&#215;16 cm\/6.3&#215;6.3 inch.<\/p>\n\n\n\n<figure class=\"wp-block-image size-large\"><img loading=\"lazy\" decoding=\"async\" width=\"1024\" height=\"681\" src=\"https:\/\/www.kreidochky.com\/wp-content\/uploads\/2020\/10\/zirka01-1024x681.jpg\" alt=\"\" class=\"wp-image-1987\" srcset=\"https:\/\/www.kreidochky.com\/wp-content\/uploads\/2020\/10\/zirka01-1024x681.jpg 1024w, https:\/\/www.kreidochky.com\/wp-content\/uploads\/2020\/10\/zirka01-300x199.jpg 300w, https:\/\/www.kreidochky.com\/wp-content\/uploads\/2020\/10\/zirka01-768x510.jpg 768w, https:\/\/www.kreidochky.com\/wp-content\/uploads\/2020\/10\/zirka01-600x399.jpg 600w, https:\/\/www.kreidochky.com\/wp-content\/uploads\/2020\/10\/zirka01.jpg 1354w\" sizes=\"auto, (max-width: 1024px) 100vw, 1024px\" \/><\/figure>\n\n\n\n<figure class=\"wp-block-image size-large\"><img loading=\"lazy\" decoding=\"async\" width=\"1024\" height=\"681\" src=\"https:\/\/www.kreidochky.com\/wp-content\/uploads\/2020\/10\/zirka02-1024x681.jpg\" alt=\"kite paper star\" class=\"wp-image-1988\" srcset=\"https:\/\/www.kreidochky.com\/wp-content\/uploads\/2020\/10\/zirka02-1024x681.jpg 1024w, https:\/\/www.kreidochky.com\/wp-content\/uploads\/2020\/10\/zirka02-300x199.jpg 300w, https:\/\/www.kreidochky.com\/wp-content\/uploads\/2020\/10\/zirka02-768x510.jpg 768w, https:\/\/www.kreidochky.com\/wp-content\/uploads\/2020\/10\/zirka02-600x399.jpg 600w, https:\/\/www.kreidochky.com\/wp-content\/uploads\/2020\/10\/zirka02.jpg 1354w\" sizes=\"auto, (max-width: 1024px) 100vw, 1024px\" \/><\/figure>\n\n\n\n<p>For this star we need 8 sheets of kite paper.<\/p>\n\n\n\n<figure class=\"wp-block-image size-large\"><img loading=\"lazy\" decoding=\"async\" width=\"948\" height=\"630\" src=\"https:\/\/www.kreidochky.com\/wp-content\/uploads\/2020\/10\/zirka02a.jpg\" alt=\"\" class=\"wp-image-1990\" srcset=\"https:\/\/www.kreidochky.com\/wp-content\/uploads\/2020\/10\/zirka02a.jpg 948w, https:\/\/www.kreidochky.com\/wp-content\/uploads\/2020\/10\/zirka02a-300x199.jpg 300w, https:\/\/www.kreidochky.com\/wp-content\/uploads\/2020\/10\/zirka02a-768x510.jpg 768w, https:\/\/www.kreidochky.com\/wp-content\/uploads\/2020\/10\/zirka02a-600x399.jpg 600w\" sizes=\"auto, (max-width: 948px) 100vw, 948px\" \/><\/figure>\n\n\n\n<p>Fold each sheet in half and cut or tear it.<\/p>\n\n\n\n<figure class=\"wp-block-image size-large\"><img loading=\"lazy\" decoding=\"async\" width=\"948\" height=\"630\" src=\"https:\/\/www.kreidochky.com\/wp-content\/uploads\/2020\/10\/zirka02b.jpg\" alt=\"\" class=\"wp-image-1991\" srcset=\"https:\/\/www.kreidochky.com\/wp-content\/uploads\/2020\/10\/zirka02b.jpg 948w, https:\/\/www.kreidochky.com\/wp-content\/uploads\/2020\/10\/zirka02b-300x199.jpg 300w, https:\/\/www.kreidochky.com\/wp-content\/uploads\/2020\/10\/zirka02b-768x510.jpg 768w, https:\/\/www.kreidochky.com\/wp-content\/uploads\/2020\/10\/zirka02b-600x399.jpg 600w\" sizes=\"auto, (max-width: 948px) 100vw, 948px\" \/><\/figure>\n\n\n\n<p>Fold each rectangle in half lengthwise. <\/p>\n\n\n\n<figure class=\"wp-block-image size-large\"><img loading=\"lazy\" decoding=\"async\" width=\"948\" height=\"630\" src=\"https:\/\/www.kreidochky.com\/wp-content\/uploads\/2020\/10\/zirka02\u0441.jpg\" alt=\"\" class=\"wp-image-1994\" srcset=\"https:\/\/www.kreidochky.com\/wp-content\/uploads\/2020\/10\/zirka02\u0441.jpg 948w, https:\/\/www.kreidochky.com\/wp-content\/uploads\/2020\/10\/zirka02\u0441-300x199.jpg 300w, https:\/\/www.kreidochky.com\/wp-content\/uploads\/2020\/10\/zirka02\u0441-768x510.jpg 768w, https:\/\/www.kreidochky.com\/wp-content\/uploads\/2020\/10\/zirka02\u0441-600x399.jpg 600w\" sizes=\"auto, (max-width: 948px) 100vw, 948px\" \/><\/figure>\n\n\n\n<p>Unfold and then fold each corner as shown on the photos below.<\/p>\n\n\n\n<figure class=\"wp-block-image size-large\"><img loading=\"lazy\" decoding=\"async\" width=\"948\" height=\"630\" src=\"https:\/\/www.kreidochky.com\/wp-content\/uploads\/2020\/10\/zirka02d.jpg\" alt=\"\" class=\"wp-image-1993\" srcset=\"https:\/\/www.kreidochky.com\/wp-content\/uploads\/2020\/10\/zirka02d.jpg 948w, https:\/\/www.kreidochky.com\/wp-content\/uploads\/2020\/10\/zirka02d-300x199.jpg 300w, https:\/\/www.kreidochky.com\/wp-content\/uploads\/2020\/10\/zirka02d-768x510.jpg 768w, https:\/\/www.kreidochky.com\/wp-content\/uploads\/2020\/10\/zirka02d-600x399.jpg 600w\" sizes=\"auto, (max-width: 948px) 100vw, 948px\" \/><\/figure>\n\n\n\n<figure class=\"wp-block-image size-large\"><img loading=\"lazy\" decoding=\"async\" width=\"948\" height=\"630\" src=\"https:\/\/www.kreidochky.com\/wp-content\/uploads\/2020\/10\/zirka03.jpg\" alt=\"\" class=\"wp-image-1995\" srcset=\"https:\/\/www.kreidochky.com\/wp-content\/uploads\/2020\/10\/zirka03.jpg 948w, https:\/\/www.kreidochky.com\/wp-content\/uploads\/2020\/10\/zirka03-300x199.jpg 300w, https:\/\/www.kreidochky.com\/wp-content\/uploads\/2020\/10\/zirka03-768x510.jpg 768w, https:\/\/www.kreidochky.com\/wp-content\/uploads\/2020\/10\/zirka03-600x399.jpg 600w\" sizes=\"auto, (max-width: 948px) 100vw, 948px\" \/><\/figure>\n\n\n\n<figure class=\"wp-block-image size-large\"><img loading=\"lazy\" decoding=\"async\" width=\"948\" height=\"630\" src=\"https:\/\/www.kreidochky.com\/wp-content\/uploads\/2020\/10\/zirka04.jpg\" alt=\"\" class=\"wp-image-1996\" srcset=\"https:\/\/www.kreidochky.com\/wp-content\/uploads\/2020\/10\/zirka04.jpg 948w, https:\/\/www.kreidochky.com\/wp-content\/uploads\/2020\/10\/zirka04-300x199.jpg 300w, https:\/\/www.kreidochky.com\/wp-content\/uploads\/2020\/10\/zirka04-768x510.jpg 768w, https:\/\/www.kreidochky.com\/wp-content\/uploads\/2020\/10\/zirka04-600x399.jpg 600w\" sizes=\"auto, (max-width: 948px) 100vw, 948px\" \/><\/figure>\n\n\n\n<p>Then again fold each corner to make a diamond shape as shown below.<\/p>\n\n\n\n<figure class=\"wp-block-image size-large\"><img loading=\"lazy\" decoding=\"async\" width=\"948\" height=\"630\" src=\"https:\/\/www.kreidochky.com\/wp-content\/uploads\/2020\/10\/zirka05.jpg\" alt=\"\" class=\"wp-image-1998\" srcset=\"https:\/\/www.kreidochky.com\/wp-content\/uploads\/2020\/10\/zirka05.jpg 948w, https:\/\/www.kreidochky.com\/wp-content\/uploads\/2020\/10\/zirka05-300x199.jpg 300w, https:\/\/www.kreidochky.com\/wp-content\/uploads\/2020\/10\/zirka05-768x510.jpg 768w, https:\/\/www.kreidochky.com\/wp-content\/uploads\/2020\/10\/zirka05-600x399.jpg 600w\" sizes=\"auto, (max-width: 948px) 100vw, 948px\" \/><\/figure>\n\n\n\n<figure class=\"wp-block-image size-large\"><img loading=\"lazy\" decoding=\"async\" width=\"948\" height=\"630\" src=\"https:\/\/www.kreidochky.com\/wp-content\/uploads\/2020\/10\/zirka06.jpg\" alt=\"\" class=\"wp-image-1999\" srcset=\"https:\/\/www.kreidochky.com\/wp-content\/uploads\/2020\/10\/zirka06.jpg 948w, https:\/\/www.kreidochky.com\/wp-content\/uploads\/2020\/10\/zirka06-300x199.jpg 300w, https:\/\/www.kreidochky.com\/wp-content\/uploads\/2020\/10\/zirka06-768x510.jpg 768w, https:\/\/www.kreidochky.com\/wp-content\/uploads\/2020\/10\/zirka06-600x399.jpg 600w\" sizes=\"auto, (max-width: 948px) 100vw, 948px\" \/><\/figure>\n\n\n\n<figure class=\"wp-block-image size-large\"><img loading=\"lazy\" decoding=\"async\" width=\"948\" height=\"630\" src=\"https:\/\/www.kreidochky.com\/wp-content\/uploads\/2020\/10\/zirka07.jpg\" alt=\"\" class=\"wp-image-2000\" srcset=\"https:\/\/www.kreidochky.com\/wp-content\/uploads\/2020\/10\/zirka07.jpg 948w, https:\/\/www.kreidochky.com\/wp-content\/uploads\/2020\/10\/zirka07-300x199.jpg 300w, https:\/\/www.kreidochky.com\/wp-content\/uploads\/2020\/10\/zirka07-768x510.jpg 768w, https:\/\/www.kreidochky.com\/wp-content\/uploads\/2020\/10\/zirka07-600x399.jpg 600w\" sizes=\"auto, (max-width: 948px) 100vw, 948px\" \/><\/figure>\n\n\n\n<figure class=\"wp-block-image size-large\"><img loading=\"lazy\" decoding=\"async\" width=\"948\" height=\"630\" src=\"https:\/\/www.kreidochky.com\/wp-content\/uploads\/2020\/10\/zirka08.jpg\" alt=\"\" class=\"wp-image-2001\" srcset=\"https:\/\/www.kreidochky.com\/wp-content\/uploads\/2020\/10\/zirka08.jpg 948w, https:\/\/www.kreidochky.com\/wp-content\/uploads\/2020\/10\/zirka08-300x199.jpg 300w, https:\/\/www.kreidochky.com\/wp-content\/uploads\/2020\/10\/zirka08-768x510.jpg 768w, https:\/\/www.kreidochky.com\/wp-content\/uploads\/2020\/10\/zirka08-600x399.jpg 600w\" sizes=\"auto, (max-width: 948px) 100vw, 948px\" \/><\/figure>\n\n\n\n<p>We made 8 red and 8 yellow diamonds.<\/p>\n\n\n\n<figure class=\"wp-block-image size-large\"><img loading=\"lazy\" decoding=\"async\" width=\"948\" height=\"630\" src=\"https:\/\/www.kreidochky.com\/wp-content\/uploads\/2020\/10\/zirka09.jpg\" alt=\"\" class=\"wp-image-2003\" srcset=\"https:\/\/www.kreidochky.com\/wp-content\/uploads\/2020\/10\/zirka09.jpg 948w, https:\/\/www.kreidochky.com\/wp-content\/uploads\/2020\/10\/zirka09-300x199.jpg 300w, https:\/\/www.kreidochky.com\/wp-content\/uploads\/2020\/10\/zirka09-768x510.jpg 768w, https:\/\/www.kreidochky.com\/wp-content\/uploads\/2020\/10\/zirka09-600x399.jpg 600w\" sizes=\"auto, (max-width: 948px) 100vw, 948px\" \/><\/figure>\n\n\n\n<p>Now it&#8217;s time to assemble our star!<\/p>\n\n\n\n<figure class=\"wp-block-image size-large\"><img loading=\"lazy\" decoding=\"async\" width=\"948\" height=\"630\" src=\"https:\/\/www.kreidochky.com\/wp-content\/uploads\/2020\/10\/zirka10.jpg\" alt=\"kite paper star\" class=\"wp-image-2002\" srcset=\"https:\/\/www.kreidochky.com\/wp-content\/uploads\/2020\/10\/zirka10.jpg 948w, https:\/\/www.kreidochky.com\/wp-content\/uploads\/2020\/10\/zirka10-300x199.jpg 300w, https:\/\/www.kreidochky.com\/wp-content\/uploads\/2020\/10\/zirka10-768x510.jpg 768w, https:\/\/www.kreidochky.com\/wp-content\/uploads\/2020\/10\/zirka10-600x399.jpg 600w\" sizes=\"auto, (max-width: 948px) 100vw, 948px\" \/><\/figure>\n\n\n\n<p>Place one section on the top of another as shown on the photo below. Use transparent sticky tape to secure it in place. Continue joining sections till you complete the circle.<\/p>\n\n\n\n<figure class=\"wp-block-image size-large\"><img loading=\"lazy\" decoding=\"async\" width=\"948\" height=\"630\" src=\"https:\/\/www.kreidochky.com\/wp-content\/uploads\/2020\/10\/zirka12.jpg\" alt=\"kite paper star\" class=\"wp-image-2005\" srcset=\"https:\/\/www.kreidochky.com\/wp-content\/uploads\/2020\/10\/zirka12.jpg 948w, https:\/\/www.kreidochky.com\/wp-content\/uploads\/2020\/10\/zirka12-300x199.jpg 300w, https:\/\/www.kreidochky.com\/wp-content\/uploads\/2020\/10\/zirka12-768x510.jpg 768w, https:\/\/www.kreidochky.com\/wp-content\/uploads\/2020\/10\/zirka12-600x399.jpg 600w\" sizes=\"auto, (max-width: 948px) 100vw, 948px\" \/><\/figure>\n\n\n\n<figure class=\"wp-block-image size-large\"><img loading=\"lazy\" decoding=\"async\" width=\"1024\" height=\"681\" src=\"https:\/\/www.kreidochky.com\/wp-content\/uploads\/2020\/10\/zirka13-1024x681.jpg\" alt=\"kite paper star\" class=\"wp-image-2006\" srcset=\"https:\/\/www.kreidochky.com\/wp-content\/uploads\/2020\/10\/zirka13-1024x681.jpg 1024w, https:\/\/www.kreidochky.com\/wp-content\/uploads\/2020\/10\/zirka13-300x199.jpg 300w, https:\/\/www.kreidochky.com\/wp-content\/uploads\/2020\/10\/zirka13-768x510.jpg 768w, https:\/\/www.kreidochky.com\/wp-content\/uploads\/2020\/10\/zirka13-600x399.jpg 600w, https:\/\/www.kreidochky.com\/wp-content\/uploads\/2020\/10\/zirka13.jpg 1354w\" sizes=\"auto, (max-width: 1024px) 100vw, 1024px\" \/><\/figure>\n\n\n\n<figure class=\"wp-block-image size-large\"><img loading=\"lazy\" decoding=\"async\" width=\"1024\" height=\"681\" src=\"https:\/\/www.kreidochky.com\/wp-content\/uploads\/2020\/10\/zirka14-1024x681.jpg\" alt=\"kite paper star\" class=\"wp-image-2007\" srcset=\"https:\/\/www.kreidochky.com\/wp-content\/uploads\/2020\/10\/zirka14-1024x681.jpg 1024w, https:\/\/www.kreidochky.com\/wp-content\/uploads\/2020\/10\/zirka14-300x199.jpg 300w, https:\/\/www.kreidochky.com\/wp-content\/uploads\/2020\/10\/zirka14-768x510.jpg 768w, https:\/\/www.kreidochky.com\/wp-content\/uploads\/2020\/10\/zirka14-600x399.jpg 600w, https:\/\/www.kreidochky.com\/wp-content\/uploads\/2020\/10\/zirka14.jpg 1354w\" sizes=\"auto, (max-width: 1024px) 100vw, 1024px\" \/><\/figure>\n\n\n\n<p>Attach your star to a window with a piece of transparent tape. <\/p>\n\n\n\n<figure class=\"wp-block-image size-large\"><img loading=\"lazy\" decoding=\"async\" width=\"1024\" height=\"681\" src=\"https:\/\/www.kreidochky.com\/wp-content\/uploads\/2020\/10\/zirka15-1024x681.jpg\" alt=\"kite paper star\" class=\"wp-image-2008\" srcset=\"https:\/\/www.kreidochky.com\/wp-content\/uploads\/2020\/10\/zirka15-1024x681.jpg 1024w, https:\/\/www.kreidochky.com\/wp-content\/uploads\/2020\/10\/zirka15-300x199.jpg 300w, https:\/\/www.kreidochky.com\/wp-content\/uploads\/2020\/10\/zirka15-768x510.jpg 768w, https:\/\/www.kreidochky.com\/wp-content\/uploads\/2020\/10\/zirka15-600x399.jpg 600w, https:\/\/www.kreidochky.com\/wp-content\/uploads\/2020\/10\/zirka15.jpg 1354w\" sizes=\"auto, (max-width: 1024px) 100vw, 1024px\" \/><\/figure>\n\n\n\n<p>It has really transformed our room!<\/p>\n\n\n\n<figure class=\"wp-block-image size-large\"><img loading=\"lazy\" decoding=\"async\" width=\"1024\" height=\"681\" src=\"https:\/\/www.kreidochky.com\/wp-content\/uploads\/2020\/10\/zirka18-1024x681.jpg\" alt=\"kite paper star\" class=\"wp-image-2009\" srcset=\"https:\/\/www.kreidochky.com\/wp-content\/uploads\/2020\/10\/zirka18-1024x681.jpg 1024w, https:\/\/www.kreidochky.com\/wp-content\/uploads\/2020\/10\/zirka18-300x199.jpg 300w, https:\/\/www.kreidochky.com\/wp-content\/uploads\/2020\/10\/zirka18-768x510.jpg 768w, https:\/\/www.kreidochky.com\/wp-content\/uploads\/2020\/10\/zirka18-600x399.jpg 600w, https:\/\/www.kreidochky.com\/wp-content\/uploads\/2020\/10\/zirka18.jpg 1354w\" sizes=\"auto, (max-width: 1024px) 100vw, 1024px\" \/><\/figure>\n\n\n\n<p>You can buy kite paper here (affiliate link)<\/p>\n\n\n\n<iframe style=\"width:120px;height:240px;\" marginwidth=\"0\" marginheight=\"0\" scrolling=\"no\" frameborder=\"0\" src=\"\/\/ws-na.amazon-adsystem.com\/widgets\/q?ServiceVersion=20070822&amp;OneJS=1&amp;Operation=GetAdHtml&amp;MarketPlace=US&amp;source=ac&amp;ref=qf_sp_asin_til&amp;ad_type=product_link&amp;tracking_id=kreidochky05-20&amp;marketplace=amazon&amp;region=US&amp;placement=B004IORPWU&amp;asins=B004IORPWU&amp;linkId=5eb44287ed2c3b3dcbcf3abbebd7aa27&amp;show_border=false&amp;link_opens_in_new_window=false&amp;price_color=333333&amp;title_color=0066C0&amp;bg_color=FFFFFF\">\n    <\/iframe>\n","protected":false},"excerpt":{"rendered":"<p>Learn how to make kite paper star with us! We use Mercurius kite paper. Each pack includes 100 square sheets with 10 different colors. Sheet size is 16&#215;16 cm\/6.3&#215;6.3 inch. For this star we need 8 sheets of kite paper. Fold each sheet in half and cut or tear it. Fold each rectangle in half &hellip;<\/p>\n<p class=\"read-more\"> <a class=\"\" href=\"https:\/\/www.kreidochky.com\/pl\/kite-paper-star\/\"> <span class=\"screen-reader-text\">How to make kite paper star<\/span> Read More &raquo;<\/a><\/p>\n","protected":false},"author":1,"featured_media":0,"parent":0,"menu_order":0,"comment_status":"closed","ping_status":"closed","template":"","meta":{"_uag_custom_page_level_css":"","site-sidebar-layout":"default","site-content-layout":"default","ast-global-header-display":"","ast-banner-title-visibility":"","ast-main-header-display":"","ast-hfb-above-header-display":"","ast-hfb-below-header-display":"","ast-hfb-mobile-header-display":"","site-post-title":"","ast-breadcrumbs-content":"","ast-featured-img":"","footer-sml-layout":"","theme-transparent-header-meta":"","adv-header-id-meta":"","stick-header-meta":"","header-above-stick-meta":"","header-main-stick-meta":"","header-below-stick-meta":"","footnotes":""},"class_list":["post-1984","page","type-page","status-publish","hentry"],"translation":{"provider":"WPGlobus","version":"2.10.5","language":"pl","enabled_languages":["uk","en","pl"],"languages":{"uk":{"title":true,"content":true,"excerpt":false},"en":{"title":false,"content":false,"excerpt":false},"pl":{"title":false,"content":false,"excerpt":false}}},"yoast_head":"<!-- This site is optimized with the Yoast SEO plugin v22.5 - https:\/\/yoast.com\/wordpress\/plugins\/seo\/ -->\n<title>How to make kite paper star<\/title>\n<meta name=\"robots\" content=\"index, follow, max-snippet:-1, max-image-preview:large, max-video-preview:-1\" \/>\n<link rel=\"canonical\" href=\"https:\/\/www.kreidochky.com\/kite-paper-star\/\" \/>\n<meta property=\"og:locale\" content=\"en_US\" \/>\n<meta property=\"og:type\" content=\"article\" \/>\n<meta property=\"og:title\" content=\"How to make kite paper star - Kreidoczky\" \/>\n<meta property=\"og:url\" content=\"https:\/\/www.kreidochky.com\/kite-paper-star\/\" \/>\n<meta property=\"og:site_name\" content=\"Kreidoczky\" \/>\n<meta property=\"article:publisher\" content=\"https:\/\/www.facebook.com\/kreidochky\/\" \/>\n<meta property=\"article:modified_time\" content=\"2021-07-14T16:23:25+00:00\" \/>\n<meta property=\"og:image\" content=\"https:\/\/www.kreidochky.com\/wp-content\/uploads\/2020\/10\/zirka16-1024x681.jpg\" \/>\n<meta name=\"twitter:card\" content=\"summary_large_image\" \/>\n<meta name=\"twitter:site\" content=\"@kreidochky\" \/>\n<meta name=\"twitter:label1\" content=\"Est. reading time\" \/>\n\t<meta name=\"twitter:data1\" content=\"5 minutes\" \/>\n<script type=\"application\/ld+json\" class=\"yoast-schema-graph\">{\"@context\":\"https:\/\/schema.org\",\"@graph\":[{\"@type\":\"WebPage\",\"@id\":\"https:\/\/www.kreidochky.com\/kite-paper-star\/\",\"url\":\"https:\/\/www.kreidochky.com\/kite-paper-star\/\",\"name\":\"How to make kite paper star\",\"isPartOf\":{\"@id\":\"https:\/\/www.kreidochky.com\/#website\"},\"primaryImageOfPage\":{\"@id\":\"https:\/\/www.kreidochky.com\/kite-paper-star\/#primaryimage\"},\"image\":{\"@id\":\"https:\/\/www.kreidochky.com\/kite-paper-star\/#primaryimage\"},\"thumbnailUrl\":\"https:\/\/www.kreidochky.com\/wp-content\/uploads\/2020\/10\/zirka16-1024x681.jpg\",\"datePublished\":\"2020-10-09T16:24:43+00:00\",\"dateModified\":\"2021-07-14T16:23:25+00:00\",\"description\":\"Kite paper star craft DIY tutorial. Easy step by step instruction on how to make a beautiful kite paper star. Waldorf window star tutorial\",\"breadcrumb\":{\"@id\":\"https:\/\/www.kreidochky.com\/kite-paper-star\/#breadcrumb\"},\"inLanguage\":\"en-US\",\"potentialAction\":[{\"@type\":\"ReadAction\",\"target\":[\"https:\/\/www.kreidochky.com\/kite-paper-star\/\"]}]},{\"@type\":\"ImageObject\",\"inLanguage\":\"en-US\",\"@id\":\"https:\/\/www.kreidochky.com\/kite-paper-star\/#primaryimage\",\"url\":\"https:\/\/www.kreidochky.com\/wp-content\/uploads\/2020\/10\/zirka16-1024x681.jpg\",\"contentUrl\":\"https:\/\/www.kreidochky.com\/wp-content\/uploads\/2020\/10\/zirka16-1024x681.jpg\"},{\"@type\":\"BreadcrumbList\",\"@id\":\"https:\/\/www.kreidochky.com\/kite-paper-star\/#breadcrumb\",\"itemListElement\":[{\"@type\":\"ListItem\",\"position\":1,\"name\":\"Main page\",\"item\":\"https:\/\/www.kreidochky.com\/\"},{\"@type\":\"ListItem\",\"position\":2,\"name\":\"How to make kite paper star\"}]},{\"@type\":\"WebSite\",\"@id\":\"https:\/\/www.kreidochky.com\/#website\",\"url\":\"https:\/\/www.kreidochky.com\/\",\"name\":\"Kreidoczky\",\"description\":\"Pomys\u0142y na \u0142atw\u0105 nauk\u0119!\",\"publisher\":{\"@id\":\"https:\/\/www.kreidochky.com\/#organization\"},\"potentialAction\":[{\"@type\":\"SearchAction\",\"target\":{\"@type\":\"EntryPoint\",\"urlTemplate\":\"https:\/\/www.kreidochky.com\/?s={search_term_string}\"},\"query-input\":\"required name=search_term_string\"}],\"inLanguage\":\"en-US\"},{\"@type\":\"Organization\",\"@id\":\"https:\/\/www.kreidochky.com\/#organization\",\"name\":\"\u041a\u0440\u0435\u0439\u0434\u043e\u0447\u043a\u0438\",\"url\":\"https:\/\/www.kreidochky.com\/\",\"logo\":{\"@type\":\"ImageObject\",\"inLanguage\":\"en-US\",\"@id\":\"https:\/\/www.kreidochky.com\/#\/schema\/logo\/image\/\",\"url\":\"https:\/\/www.kreidochky.com\/wp-content\/uploads\/2020\/10\/\u041a\u0420\u0415\u0419\u0414\u041e\u0427\u041a\u0418.png\",\"contentUrl\":\"https:\/\/www.kreidochky.com\/wp-content\/uploads\/2020\/10\/\u041a\u0420\u0415\u0419\u0414\u041e\u0427\u041a\u0418.png\",\"width\":940,\"height\":788,\"caption\":\"\u041a\u0440\u0435\u0439\u0434\u043e\u0447\u043a\u0438\"},\"image\":{\"@id\":\"https:\/\/www.kreidochky.com\/#\/schema\/logo\/image\/\"},\"sameAs\":[\"https:\/\/www.facebook.com\/kreidochky\/\",\"https:\/\/x.com\/kreidochky\",\"https:\/\/www.instagram.com\/kreidochky\/\",\"https:\/\/www.linkedin.com\/company\/kreidochky\",\"https:\/\/www.youtube.com\/channel\/UCH8EaUhc_1b_3Hrf22SvLoQ\"]}]}<\/script>\n<!-- \/ Yoast SEO plugin. -->","yoast_head_json":{"title":"How to make kite paper star","robots":{"index":"index","follow":"follow","max-snippet":"max-snippet:-1","max-image-preview":"max-image-preview:large","max-video-preview":"max-video-preview:-1"},"canonical":"https:\/\/www.kreidochky.com\/kite-paper-star\/","og_locale":"en_US","og_type":"article","og_title":"How to make kite paper star - Kreidoczky","og_url":"https:\/\/www.kreidochky.com\/kite-paper-star\/","og_site_name":"Kreidoczky","article_publisher":"https:\/\/www.facebook.com\/kreidochky\/","article_modified_time":"2021-07-14T16:23:25+00:00","og_image":[{"url":"https:\/\/www.kreidochky.com\/wp-content\/uploads\/2020\/10\/zirka16-1024x681.jpg"}],"twitter_card":"summary_large_image","twitter_site":"@kreidochky","twitter_misc":{"Est. reading time":"5 minutes"},"schema":{"@context":"https:\/\/schema.org","@graph":[{"@type":"WebPage","@id":"https:\/\/www.kreidochky.com\/kite-paper-star\/","url":"https:\/\/www.kreidochky.com\/kite-paper-star\/","name":"How to make kite paper star","isPartOf":{"@id":"https:\/\/www.kreidochky.com\/#website"},"primaryImageOfPage":{"@id":"https:\/\/www.kreidochky.com\/kite-paper-star\/#primaryimage"},"image":{"@id":"https:\/\/www.kreidochky.com\/kite-paper-star\/#primaryimage"},"thumbnailUrl":"https:\/\/www.kreidochky.com\/wp-content\/uploads\/2020\/10\/zirka16-1024x681.jpg","datePublished":"2020-10-09T16:24:43+00:00","dateModified":"2021-07-14T16:23:25+00:00","description":"Kite paper star craft DIY tutorial. Easy step by step instruction on how to make a beautiful kite paper star. Waldorf window star tutorial","breadcrumb":{"@id":"https:\/\/www.kreidochky.com\/kite-paper-star\/#breadcrumb"},"inLanguage":"en-US","potentialAction":[{"@type":"ReadAction","target":["https:\/\/www.kreidochky.com\/kite-paper-star\/"]}]},{"@type":"ImageObject","inLanguage":"en-US","@id":"https:\/\/www.kreidochky.com\/kite-paper-star\/#primaryimage","url":"https:\/\/www.kreidochky.com\/wp-content\/uploads\/2020\/10\/zirka16-1024x681.jpg","contentUrl":"https:\/\/www.kreidochky.com\/wp-content\/uploads\/2020\/10\/zirka16-1024x681.jpg"},{"@type":"BreadcrumbList","@id":"https:\/\/www.kreidochky.com\/kite-paper-star\/#breadcrumb","itemListElement":[{"@type":"ListItem","position":1,"name":"Main page","item":"https:\/\/www.kreidochky.com\/"},{"@type":"ListItem","position":2,"name":"How to make kite paper star"}]},{"@type":"WebSite","@id":"https:\/\/www.kreidochky.com\/#website","url":"https:\/\/www.kreidochky.com\/","name":"Kreidoczky","description":"Pomys\u0142y na \u0142atw\u0105 nauk\u0119!","publisher":{"@id":"https:\/\/www.kreidochky.com\/#organization"},"potentialAction":[{"@type":"SearchAction","target":{"@type":"EntryPoint","urlTemplate":"https:\/\/www.kreidochky.com\/?s={search_term_string}"},"query-input":"required name=search_term_string"}],"inLanguage":"en-US"},{"@type":"Organization","@id":"https:\/\/www.kreidochky.com\/#organization","name":"\u041a\u0440\u0435\u0439\u0434\u043e\u0447\u043a\u0438","url":"https:\/\/www.kreidochky.com\/","logo":{"@type":"ImageObject","inLanguage":"en-US","@id":"https:\/\/www.kreidochky.com\/#\/schema\/logo\/image\/","url":"https:\/\/www.kreidochky.com\/wp-content\/uploads\/2020\/10\/\u041a\u0420\u0415\u0419\u0414\u041e\u0427\u041a\u0418.png","contentUrl":"https:\/\/www.kreidochky.com\/wp-content\/uploads\/2020\/10\/\u041a\u0420\u0415\u0419\u0414\u041e\u0427\u041a\u0418.png","width":940,"height":788,"caption":"\u041a\u0440\u0435\u0439\u0434\u043e\u0447\u043a\u0438"},"image":{"@id":"https:\/\/www.kreidochky.com\/#\/schema\/logo\/image\/"},"sameAs":["https:\/\/www.facebook.com\/kreidochky\/","https:\/\/x.com\/kreidochky","https:\/\/www.instagram.com\/kreidochky\/","https:\/\/www.linkedin.com\/company\/kreidochky","https:\/\/www.youtube.com\/channel\/UCH8EaUhc_1b_3Hrf22SvLoQ"]}]}},"uagb_featured_image_src":{"full":false,"thumbnail":false,"medium":false,"medium_large":false,"large":false,"1536x1536":false,"2048x2048":false,"woocommerce_thumbnail":false,"woocommerce_single":false,"woocommerce_gallery_thumbnail":false},"uagb_author_info":{"display_name":"Maryna","author_link":"https:\/\/www.kreidochky.com\/pl\/author\/mama\/"},"uagb_comment_info":0,"uagb_excerpt":"Learn how to make kite paper star with us! We use Mercurius kite paper. Each pack includes 100 square sheets with 10 different colors. Sheet size is 16&#215;16 cm\/6.3&#215;6.3 inch. For this star we need 8 sheets of kite paper. Fold each sheet in half and cut or tear it. Fold each rectangle in half&hellip;","_links":{"self":[{"href":"https:\/\/www.kreidochky.com\/pl\/wp-json\/wp\/v2\/pages\/1984","targetHints":{"allow":["GET"]}}],"collection":[{"href":"https:\/\/www.kreidochky.com\/pl\/wp-json\/wp\/v2\/pages"}],"about":[{"href":"https:\/\/www.kreidochky.com\/pl\/wp-json\/wp\/v2\/types\/page"}],"author":[{"embeddable":true,"href":"https:\/\/www.kreidochky.com\/pl\/wp-json\/wp\/v2\/users\/1"}],"replies":[{"embeddable":true,"href":"https:\/\/www.kreidochky.com\/pl\/wp-json\/wp\/v2\/comments?post=1984"}],"version-history":[{"count":10,"href":"https:\/\/www.kreidochky.com\/pl\/wp-json\/wp\/v2\/pages\/1984\/revisions"}],"predecessor-version":[{"id":2236,"href":"https:\/\/www.kreidochky.com\/pl\/wp-json\/wp\/v2\/pages\/1984\/revisions\/2236"}],"wp:attachment":[{"href":"https:\/\/www.kreidochky.com\/pl\/wp-json\/wp\/v2\/media?parent=1984"}],"curies":[{"name":"wp","href":"https:\/\/api.w.org\/{rel}","templated":true}]}}